{"id":33,"date":"2024-03-11T14:07:54","date_gmt":"2024-03-11T14:07:54","guid":{"rendered":"http:\/\/sisinteriorsolutions.com\/?page_id=33"},"modified":"2024-06-16T10:41:01","modified_gmt":"2024-06-16T10:41:01","slug":"sis-interior-solutions","status":"publish","type":"page","link":"https:\/\/sisinteriorsolutions.com\/es\/","title":{"rendered":"SIS Interior Solutions"},"content":{"rendered":"<p><a href=\"#scroll-down\"><\/p>\n<p><\/a><\/p>\n<p><a href=\"\"><\/p>\n<p><img decoding=\"async\" src=\"http:\/\/sisinteriorsolutions.com\/wp-content\/uploads\/2024\/04\/logo-3.png\" \/><\/p>\n<p class=\"translation-block\"><span style=\"color:#ffffff\"><strong>TRANSPORTA TU VIDA AL INTERIOR DE TU HOGAR<\/strong><\/span><br>\n<strong>\u00bfTe gustar\u00eda tener una casa amueblada con mucho estilo? \u00a1Yo puedo ayudarte! Me llamo Sandra Strijbos y con SIS Interior Solutions puedo hacer realidad tus deseos. Con mis conocimientos sobre el dise\u00f1o de interiores y exteriores puedeo crear ambiente vibrantes y muy funcionales. \u00a1Un lugar donde verdaderamente te gustar\u00e1 estar! La energ\u00eda que liberan mis proyectos no tienen precedentes. Convertir\u00e9 tu hogar en una casa bella y confortable.<\/strong><\/p>\n<p><a href=\"#about\">Sobre Sis<\/a><a href=\"#work\">Mi trabajo<\/a><\/p>\n<p class=\"translation-block\"><span style=\"color:#ffffff\"><strong>TRANSPORTA TU VIDA AL INTERIOR DE TU HOGAR<\/strong><\/span><br>\n<strong>\u00bfTe gustar\u00eda tener una casa amueblada con mucho estilo? \u00a1Yo puedo ayudarte! Me llamo Sandra Strijbos y con SIS Interior Solutions puedo hacer realidad tus deseos. Con mis conocimientos sobre el dise\u00f1o de interiores y exteriores puedeo crear ambiente vibrantes y muy funcionales. \u00a1Un lugar donde verdaderamente te gustar\u00e1 estar! La energ\u00eda que liberan mis proyectos no tienen precedentes. Convertir\u00e9 tu hogar en una casa bella y confortable.<\/strong><\/p>\n<p><a href=\"#about\">Sobre Sis<\/a><a href=\"#work\">Mi trabajo<\/a><br \/>\nTRANSPORTA TU VIDA AL INTERIOR DE TU HOGAR<br \/>\nWilt u graag een stijlvol ingericht huis realiseren? Daar weet ik raad mee! Mijn naam is Sandra Strijbos en met SIS Interior Solutions maak ik uw woonwensen werkelijkheid. Met mijn feeling voor het ontwerpen van interieur- en exterieurplannen, cre\u00eber ik fraai ingerichte huizen. Een plek waar u graag bent!<\/p>\n<p><a href=\"#about\">Sobre Sis<\/a><a href=\"#work\">Mi trabajo<\/a><\/p>\n<p>VORMGEVENvan uw droominterieurIk maak interieur- en exterieurplannen voor uw thuis <\/p>\n<p>BOUWBEGELEIDINGbij uw woning in Zuid-Oost Spanje Toezicht op locatie bij uw bouwproject<\/p>\n<p>TOTAALCONCEPT HUISVoor uw woondroom in SpanjeIk begeleid de bouw en geef vorm aan het interieur <\/p>\n<p>Sandra Interior Solutions<br \/>\nIk maak van uw huis een thuis!<br \/>\n\u00bfUn interior elegante o un exterior con mucho espacio y calidez hace que tu coraz\u00f3n lata m\u00e1s r\u00e1pido? \u00bfY te gusta un toque dorado combinado con colores neutros como el gris, el negro, el blanco y el beige? \u00a1Entonces mis planos interiores y m\u00e9todo de trabajo te har\u00e1n muy feliz!<\/p>\n<p>DISE\u00d1ANDO PLANOS RESIDENCIALES<br \/>\nQUE SATISTAGAN SUS DESEOS<br \/>\nMi pasi\u00f3n radica en dise\u00f1ar planos interiores y exteriores que se adapten perfectamente a tus deseos de vida. Mi enfoque comienza con escuchar. Escucho tus necesidades, gustos y estilo de vida. Al entender lo que quieres, puedo crear un plan interior que se adapte perfectamente a ti e incluso supere tus expectativas.<\/p>\n<p>Con especial atenci\u00f3n al detalle, traduzco tus necesidades en un dise\u00f1o \u00fanico. Ya sea que busque paz, comodidad o funcionalidad, estoy lista para hacer realidad tu sue\u00f1o de vivir.<\/p>\n<p>Juntos creamos un entorno de vida que realmente se adapta a ti. Desde las paletas de colores hasta la selecci\u00f3n de muebles, cada elemento es considerado cuidadosamente. Mi objetivo es crear un lugar que no s\u00f3lo sea hermoso, sino que tambi\u00e9n se adapte completamente a tus necesidades.<\/p>\n<p>Begeleiden van- en adviseren bij uw nieuwbouwproject in Zuid-Oost Spanje<br \/>\n\u00bfVas a construir una casa en la Costa Blanca, Costa del Sol o Costa C\u00e1lida (Sudeste de Espa\u00f1a) o la construcci\u00f3n acaba de empezar? Entonces s\u00e9 por experiencia propia lo agradable que es estar atento al progreso de la construcci\u00f3n. Mi marido y yo nos mudamos a Espa\u00f1a en 2024. Incluso durante la construcci\u00f3n vivimos en una residencia temporal a poca distancia en coche de nuestro futuro hogar, para poder comprobar el progreso cada semana.<\/p>\n<p>Posteriormente, esta elecci\u00f3n result\u00f3 extremadamente valiosa. Pudimos hacer ajustes oportunos cuando fue necesario y tuvimos un buen contacto con los profesionales. Esto evita decepciones posteriores y evita p\u00e9rdidas innecesarias de tiempo y costes. \u00a1Te deseo esto tambi\u00e9n! Desde Espa\u00f1a superviso la construcci\u00f3n de tu casa junto con mi marido Ron. Le asesoramos en base a nuestras observaciones y garantizamos sus necesidades de vivienda. Mantengo un estrecho contacto con el desarrollador de su proyecto durante la construcci\u00f3n. Tambi\u00e9n revisar\u00e9 peri\u00f3dicamente el proyecto y os mantendr\u00e9 informados a trav\u00e9s de tel\u00e9fono, fotos y v\u00eddeos.<\/p>\n<p>Mijn Werkwijze<br \/>\nEn mi trabajo como dise\u00f1adora de interiores tus deseos de vida son esenciales. En base a esto, creo planos de interiores hechos a medida que se adaptan completamente a tus ideas. Utilizo mi pasi\u00f3n por transformar hogares y las cualidades que me distinguen como estilista de interiores.<\/p>\n<p>CREATIVAMENTE<br \/>\nA trav\u00e9s de mi creatividad creo dise\u00f1os \u00fanicos que se adaptan a los gustos y necesidades de mis clientes.<\/p>\n<p>ATENCI\u00d3N A LOS DETALLES<br \/>\nPresto mucha atenci\u00f3n a los detalles. Esto es fundamental para crear buenas composiciones en interior y exterior.<\/p>\n<p>SIGUIENDO TENDENCIAS<br \/>\nMantenerme al d\u00eda con las tendencias me permite crear dise\u00f1os modernos y elegantes que satisfagan tus expectativas.<\/p>\n<p>CONCIENCIA ESPACIAL<br \/>\nHago un uso \u00f3ptimo del espacio disponible y creo dise\u00f1os eficientes a trav\u00e9s de mi visi\u00f3n espacial.<\/p>\n<p>HABILIDADES DE GESTI\u00d3N DE PROYECTOS<br \/>\nPlanificar, organizar y coordinar proyectos es importante para m\u00ed. As\u00ed es como me aseguro de que los dise\u00f1os se ejecuten a tiempo y dentro del presupuesto.<\/p>\n<p>EN LA UBICACI\u00d3N<br \/>\nSuperviso la construcci\u00f3n o reforma de tu vivienda en el sureste de Espa\u00f1a. De esta forma tendr\u00e1s la seguridad de que todo va sobre ruedas, aunque a\u00fan no est\u00e9s establecido en suelo espa\u00f1ol.<\/p>\n<p>ACERCA DE SANDRA<br \/>\nEven voorstellen<br \/>\n\u00a1Hola! Mi nombre es Sandra Strijbos y soy la propietaria de SIS Interior Solutions. Mi amor por crear espacios de vida inspiradores viene de muy lejos y se ha en la creaci\u00f3n de SIS. Con mi creatividad, mi ojo para los detalles y mi visi\u00f3n espacial, ayudo a los clientes a realizar el interior de sus sue\u00f1os. Ya sea que se trate de transformar una habitaci\u00f3n individual o dise\u00f1ar una casa o un jard\u00edn completo, estoy lista para hacer realidad tus sue\u00f1os. Espero trabajar contigo y hacer realidad tus deseos de vivienda.<\/p>\n<p><img decoding=\"async\" src=\"http:\/\/sisinteriorsolutions.com\/wp-content\/uploads\/2024\/04\/sandra-strijbos.jpg\" \/><\/p>\n<p>SANDRA STRIJBOS<br \/>\nPropietario y dise\u00f1ador creativo de Interiores y Exteriores<\/p>\n<p><img decoding=\"async\" src=\"http:\/\/sisinteriorsolutions.com\/wp-content\/uploads\/2024\/03\/volledig-nieuw-interieur-van-huis-1.jpg\" \/><a href=\"#work\">Mi trabajo<\/a><\/p>\n<p class=\"translation-block\"><span>Waarom kiezen klanten<\/span> voor SIS?<\/p>\n<p>Los clientes me eligen como dise\u00f1adora de interiores porque tengo una gran afinidad con la creaci\u00f3n de un estilo de vida industrial en el hogar. Esto se refleja en espacios vivos y al mismo tiempo pr\u00e1cticos para vivir y al aire libre. Lo caracter\u00edstico es una apariencia elegante, el uso de elementos naturales, amplitud y colores neutros como el gris, el negro, el blanco y el beige. \u00a1Y nunca puede faltar un toque de oro!<\/p>\n<p>Sandra Interior Aanbod<br \/>\nVan woonidee naar werkelijkheid<br \/>\n\u00bfTiene curiosidad por saber c\u00f3mo SIS Interior Solutions convierte su idea de vida en planos concretos, im\u00e1genes visuales y, en \u00faltima instancia, en una casa elegante que se adapta completamente a sus necesidades? \u00a1Te lo explicar\u00e9!<\/p>\n<p>DISE\u00d1O DE INTERIORES<br \/>\nCreo espacios funcionales y hermosos que reflejan las necesidades de vida de mis clientes<\/p>\n<p>Mi trabajo consiste en dise\u00f1ar interiores que sean c\u00f3modos y elegantes. Los muebles, colores y elementos decorativos se dise\u00f1an y seleccionan cuidadosamente. En el campo del dise\u00f1o exterior, me enfoco en crear espacios atractivos y acogedores. Me esfuerzo por crear una hermosa transici\u00f3n del interior al exterior.<\/p>\n<p>Adapto todo esto completamente a tus necesidades y deseos. \u00a1As\u00ed es como logramos los m\u00e1ximos resultados juntos!<\/p>\n<p>Moodboards<br \/>\nCreo moodboards que reflejan perfectamente el estilo y los deseos de mis clientes.<\/p>\n<p>Mis moodboards combinan colores, texturas y muebles de forma adecuada, para que mis clientes tengan una idea clara del resultado final. Me aseguro de que mis paneles de estado de \u00e1nimo no s\u00f3lo sean inspiradores, sino tambi\u00e9n factibles dentro del presupuesto y el espacio disponible. Con mi creatividad y atenci\u00f3n al detalle, ayudo a mis clientes a visualizar y realizar su futuro hogar. Mi calidad en la creaci\u00f3n de moodboards contribuye al \u00e9xito de mis proyectos.<\/p>\n<p>SELECCIONO TUS MUEBLES<br \/>\nTambi\u00e9n soy experta en encontrar todos los muebles y decoraci\u00f3n que encaja perfectamente con tu hogar.<\/p>\n<p>Mi talento radica en seleccionar muebles, decoraciones y accesorios que no s\u00f3lo sean atractivos a la vista, sino tambi\u00e9n funcionales y asequibles. Escucho tus deseos y luego busco art\u00edculos adecuados y de alta calidad que transformen tu espacio. Mi calidad como personal shopper hace que ahorres tiempo, ahorres esfuerzo y al mismo tiempo consigas un interior y un exterior bellamente decorado y que se adapte completamente a ti.<\/p>\n<p>ACOMPA\u00d1AMIENTO<br \/>\nSuperviso la construcci\u00f3n o reforma de tu casa en el sureste de Espa\u00f1a y garantizo tus necesidades de vivienda.<\/p>\n<p>Superviso el progreso de la construcci\u00f3n de principio a fin. Mi experiencia radica en coordinar contratistas, monitorear el progreso y ajustar el proceso. Ser\u00e9 tu punto de contacto en la obra, brind\u00e1ndote tranquilidad a distancia mientras la casa de tus sue\u00f1os en Espa\u00f1a cobra vida. Con mi atenci\u00f3n al detalle y enfoque en la calidad, tu casa se completar\u00e1 dentro del presupuesto y a tiempo, teniendo en cuenta tus necesidades de vida.<\/p>\n<p>Home isn&#8217;t a place&#8230;It&#8217;s a feeling!<\/p>\n<p>\u2014 SIS Interior Solutions \u2014<\/p>\n<p>Mi trabajo<br \/>\nRecente Projecten<br \/>\nComo dise\u00f1adora de interiores y exteriores, combino estilo y funcionalidad para crear espacios que sean a la vez bellos y pr\u00e1cticos. Mi portafolio muestra mis cualidades, desde dise\u00f1os modernos a acogedores.<br \/>\nAllWoningTuin\t\t\t\t<\/p>\n<p><a href=\"\"><\/p>\n<p><img decoding=\"async\" src=\"http:\/\/sisinteriorsolutions.com\/wp-content\/uploads\/2024\/03\/complete-metamorfose-van-interieurinrichting.jpg\" \/><\/p>\n<p>Metamorfose van woning<br \/>\nBij deze klant heb ik het interieurontwerp en de styling van de keuken, woonkamer en badkamer mogen doen.<\/p>\n<p class=\"translation-block\">Metamorfose <span>van woning<\/span><\/p>\n<p>EXPLICACI\u00d3N DEL PROYECTO<\/p>\n<p>Se trata de un nuevo proyecto de construcci\u00f3n en Koolhoven, en las afueras de Tilburg. Cre\u00e9 el dise\u00f1o completo de esta casa. Era un deseo de los propietarios tener un ba\u00f1o en la planta baja y tambi\u00e9n poder dormir en la misma planta. Adem\u00e1s, en la planta superior hay 4 dormitorios y 1 ba\u00f1o.<\/p>\n<p>En un proyecto de nueva construcci\u00f3n, hay que poner m\u00e1s empe\u00f1o en crear ambiente. En esta casa, esto se consigui\u00f3 con un bonito suelo de escayola, alfombras y decoraci\u00f3n de ventanas. Adem\u00e1s, utilizar los colores y materiales adecuados es importante para crear ambiente y calidez. Esto funcion\u00f3 muy bien, porque nada m\u00e1s entrar se respira una sensaci\u00f3n hogare\u00f1a.<\/p>\n<p><a href=\"\"><\/p>\n<p><img decoding=\"async\" src=\"http:\/\/sisinteriorsolutions.com\/wp-content\/uploads\/2024\/03\/complete-metamorfose-van-interieurinrichting-1.jpg\" \/><\/p>\n<p>Volledig nieuw woningdesign<br \/>\nVoor deze klant heb ik een interieurontwerp gemaakt voor de volledige woning. Het design is ge\u00efnspireerd op de hotel chic woonstijl.<\/p>\n<p class=\"translation-block\">Volledig nieuw <span>woningdesign<\/span><\/p>\n<p>EXPLICACI\u00d3N DEL PROYECTO<\/p>\n<p>En un proyecto de obra nueva hay que esforzarse m\u00e1s en crear una atm\u00f3sfera. Esto se ha logrado en esta casa con un hermoso piso de yeso, alfombras y adornos en las ventanas. Adem\u00e1s, el uso de los colores y materiales adecuados es importante para crear atm\u00f3sfera y calidez. Esto funcion\u00f3 muy bien, porque nada m\u00e1s entrar hay una sensaci\u00f3n hogare\u00f1a.<\/p>\n<p>Renovaci\u00f3n completa de la consulta para convertirla en una casa en el centro de Tilburg. Este antiguo edificio era una antigua consulta de 2 empresarios. Se ha solucionado todo, desde los dormitorios con duchas\/aseos, hasta la cocina, la ampliaci\u00f3n y el despacho. Paleta de colores combinada con elementos nuevos pero tambi\u00e9n con elementos existentes, mezcla de lo antiguo y lo nuevo. El jard\u00edn tambi\u00e9n ha sido completamente abordado y ajardinado seg\u00fan mi dise\u00f1o.<\/p>\n<p><a href=\"\"><\/p>\n<p><img decoding=\"async\" src=\"http:\/\/sisinteriorsolutions.com\/wp-content\/uploads\/2024\/03\/Tuinontwerp.jpg\" \/><\/p>\n<p>Tuinontwerp planten en aankleding<br \/>\nVoor deze klant heb ik een nieuw tuinontwerp mogen realiseren met bepaling van beplanting, het gebruik van materialen en de aankleding. <\/p>\n<p class=\"translation-block\">Tuinontwerp <span>planten en aankleding<\/span><\/p>\n<p>EXPLICACI\u00d3N DEL PROYECTO<\/p>\n<p>Este cliente quer\u00eda un jard\u00edn acogedor que requiriera poco mantenimiento. El uso de muchos elementos naturales como son la madera y la hierba ha creado un atractivo visual muy bonito. Un lugar maravilloso para disfrutar del fuego y de las noches de verano.<\/p>\n<p><a href=\"\"><\/p>\n<p><img decoding=\"async\" src=\"http:\/\/sisinteriorsolutions.com\/wp-content\/uploads\/2024\/04\/Goirkestraat.jpg\" \/><\/p>\n<p>Restyling appartement<br \/>\nDit appartement heb ik een totaal nieuw uiterlijk gegeven. Door bestaande elementen een opfrisbeurt te geven en te combineren met hedendaagse stijlen ontstaat een prachtige karaktervolle woning.<\/p>\n<p class=\"translation-block\">Restyling <span>appartement<\/span><\/p>\n<p>EXPLICACI\u00d3N DEL PROYECTO<\/p>\n<p>Para este cliente le di un aspecto completamente nuevo a un apartamento antiguo. El redise\u00f1o consta de una cocina completamente nueva, bonitos armarios hasta el techo, un ba\u00f1o nuevo y la adici\u00f3n de un dormitorio adicional. El apartamento tiene un total de 3 dormitorios.<\/p>\n<p>Conservamos el suelo de parqu\u00e9 existente y le dimos nueva vida. Adem\u00e1s, se ha pintado todo, incluidas paredes, techos y marcos de ventanas. En combinaci\u00f3n con el uso de muchas plantas, esto proporciona una calidez maravillosa en el hogar. Un gran trabajo, donde pude darle a este apartamento un aspecto completamente nuevo. <\/p>\n<p><a href=\"\"><\/p>\n<p><img decoding=\"async\" src=\"http:\/\/sisinteriorsolutions.com\/wp-content\/uploads\/2024\/04\/bredaseweg.jpg\" \/><\/p>\n<p>Volledige woning gerestyled<br \/>\nIn deze woning is alles van boven tot beneden aangepakt. Op basis van de klantwens heb ik een moodboard ontwikkeld om een beeld te krijgen van de sfeer. Dit plan is uiteindelijk volledig doorgevoerd in het huis.<\/p>\n<p class=\"translation-block\">Volledige woning <span>gerestyled<\/span><\/p>\n<p>EXPLICACI\u00d3N DEL PROYECTO<\/p>\n<p>Esta antigua casa en el centro de Tilburg ha sufrido una metamorfosis completa. Todo se ha abordado de arriba a abajo. Las habitaciones siguen siendo las mismas en t\u00e9rminos de espacio, pero se han mejorado mediante el uso de colores c\u00e1lidos y alfombras.<\/p>\n<p>El aseo y el ba\u00f1o de arriba han sido completamente renovados con hormig\u00f3n, lo que hace que este espacio sea completamente moderno y pr\u00e1ctico de usar. Lo mismo ocurre con el ba\u00f1o de abajo.<\/p>\n<p>El sal\u00f3n ha sido completamente pintado y dispuesto de forma diferente. Adem\u00e1s, se ha creado un lugar de trabajo entre el sal\u00f3n y la cocina. Esto con un amplio escritorio y armarios altos de madera (realizados por un carpinterio especializado). La cocina tambi\u00e9n ha sido completamente reformada.<\/p>\n<p><a href=\"\"><\/p>\n<p><img decoding=\"async\" src=\"http:\/\/sisinteriorsolutions.com\/wp-content\/uploads\/2024\/04\/haagdijk.jpg\" \/><\/p>\n<p>Opfrisbeurt studio<br \/>\nDeze studio voor \u00e9\u00e9n persoon was wit, kaal en kil. Met een warme kleur en passende accessoires is ruimte en gezelligheid gecre\u00eberd. Klein, maar fijn!<\/p>\n<p class=\"translation-block\">Opfrisbeurt <span>studio<\/span><\/p>\n<p>EXPLICACI\u00d3N DEL PROYECTO<\/p>\n<p>Este estudio es una prueba de que con unos peque\u00f1os ajustes se puede crear una atm\u00f3sfera completamente diferente. El espacio s\u00f3lo consta de 2 habitaciones, por lo que es limitado. Combinar un color azul intenso con un cuadro llamativo crea calidez en su hogar.<\/p>\n<p>Con la elecci\u00f3n de accesorios adecuados como el armario negro o las plantas que aportan mucha comodidad y frescura, se puede crear un espacio muy acogedor para una persona. El espacio ha sido aprovechado al m\u00e1ximo e irradia una atm\u00f3sfera c\u00e1lida y tranquila. \u00a1Un gran resultado final!<\/p>\n<p><a href=\"\"><\/p>\n<p><img decoding=\"async\" src=\"http:\/\/sisinteriorsolutions.com\/wp-content\/uploads\/2024\/04\/reeshof.jpg\" \/><\/p>\n<p>Moodboards woonkamer<br \/>\nOp basis van uw woonwensen maak ik een moodboard. Aan de hand van een moodboard krijgt u een gevoel van de sfeer die we gaan realiseren in huis. Zo ook voor deze woonkamer in Tilburg<\/p>\n<p class=\"translation-block\">Moodboards <span>LA SALA DE ESTAR<\/span><\/p>\n<p>EXPLICACI\u00d3N DEL PROYECTO<\/p>\n<p>La sala de estar es fundamental para este proceso de dise\u00f1o. Siempre comenzamos con un moodboard inspirador que re\u00fane todas las ideas. Escuchando los deseos de mis clientes, intento plasmarlos en im\u00e1genes. Este es el n\u00facleo de mi proceso creativo, donde traduzco sue\u00f1os y expectativas en un tablero de estado de \u00e1nimo. Esto constituye la base de lo que ser\u00e1 su sal\u00f3n ideal.<\/p>\n<p><a href=\"\"><\/p>\n<p><img decoding=\"async\" src=\"http:\/\/sisinteriorsolutions.com\/wp-content\/uploads\/2024\/04\/tuindesign-met-zwembad.jpg\" \/><\/p>\n<p>Prachtig tuindesign<br \/>\nDit prachtige plaatje heb ik gerealiseerd voor een klant. In een stadse omgeving, is een natuurlijke, rustige sfeer gecre\u00eberd. Een heerlijke plek om je terug te trekken van de drukte en te genieten van het mooie weer. <\/p>\n<p class=\"translation-block\">Prachtig <span>tuindesign<\/span><\/p>\n<p>EXPLICACI\u00d3N DEL PROYECTO<\/p>\n<p>En este jard\u00edn lo m\u00e1s importante es la piscina, rodeada de unas exuberantes plantas verdes. El dise\u00f1o combina lineas limpias con elementos naturales, creando una atm\u00f3sfera relajante.<\/p>\n<p>El jard\u00edn invita a relajarse y disfrutar plenamente del hermoso entorno. Un dosel elegantemente decorado proporciona una sombra perfecta contra el sol o una lluvia repentina. Adem\u00e1s, invita a agradables tardes y\/o veladas en familia, amigos o vecinos.<\/p>\n<p>SIS Stappenplan<br \/>\nWat kunt u verwachten van een samenwerking met SIS Interior Solutions?<\/p>\n<p>INTRODUCCI\u00d3N<br \/>\nSi est\u00e1s interesado ponte en contacto conmigo por tel\u00e9fono o correo electr\u00f3nico. Despu\u00e9s programaremos una primera reuni\u00f3n en tu casa. En esta conversaci\u00f3n hablaremos sobre tus deseos sobre vivienda, analizaremos juntos la situaci\u00f3n de tu vida actual y te explicar\u00e9 lo que puedo hacer por ti en funci\u00f3n de tus preguntas\/deseos.<\/p>\n<p>Moodboard<br \/>\nDespu\u00e9s de mi visita, comenzar\u00e9 a crear un panel de estado de \u00e1nimo. Creo el panel de estado de \u00e1nimo en funci\u00f3n de la atm\u00f3sfera deseada, las preferencias de vida y los colores. Hablaremos juntos de estos deseos durante la presentaci\u00f3n.<\/p>\n<p>PLAN DE DISE\u00d1O<br \/>\nSi el panel de inspiraci\u00f3n coincide con el resultado que esperabas, desarrollar\u00e9 el dise\u00f1o del interior y el exterior. En este punto se har\u00e1n visibles los colores, las estructuras, los muebles y todos los accesorios en su lugar ideal.<\/p>\n<p>REALIZACI\u00d3N<br \/>\nAqu\u00ed es donde mis planes se hacen realidad, por ejemplo en forma de una renovaci\u00f3n, una instalaci\u00f3n o varios d\u00edas de trabajo. No realizo estas actividades, pero s\u00ed las superviso para ti. Una vez completados los ajustes, comenzar\u00e9 a decorar tu casa o jard\u00edn. \u00a1Con los muebles y accesorios adecuados creo una imagen general elegante!<\/p>\n<p>CONTACTO<\/p>\n<p>MANTENERSE EN CONTACTO<\/p>\n<p>Cont\u00e1ctame por correo electr\u00f3nico o Whatsapp. Luego programar\u00e9 una cita telef\u00f3nica con usted o nos reuniremos (si es posible) en el lugar de su proyecto<\/p>\n<p>SIS Sandra Interior Solutions<br \/>\nTel.:+316 10136529<\/p>\n<p>Calle Laguna de Ruidera 40<br \/>\n03170 Rojales, Alicante<\/p>\n<p>SPAIN<\/p>\n<p><a href=\"mailto:info@ouraddress.com\">info@sisinteriorsolutions.com<\/a><br \/>\n<a href=\"http:\/\/www.ouraddress.com\">www.sisinteriorsolutions.com<\/a><\/p>\n<p>&#916;<\/p>","protected":false},"excerpt":{"rendered":"<p class=\"excerpt\">VERTAALT WOONWENSEN NAAR EEN WAANZINNIG INTERIEUR Wilt u graag een stijlvol ingericht huis realiseren? Daar weet ik raad mee! Mijn naam is Sandra Strijbos en met SIS Interior Solutions maak ik uw woonwensen werkelijkheid. Met mijn feeling voor het ontwerpen van interieur- en exterieurplannen, cre\u00eber ik fraai ingerichte huizen. Een plek waar u graag bent! [&hellip;]<\/p>\n","protected":false},"author":1,"featured_media":0,"parent":0,"menu_order":0,"comment_status":"closed","ping_status":"closed","template":"builder.php","meta":{"footnotes":""},"class_list":["post-33","page","type-page","status-publish","hentry"],"_links":{"self":[{"href":"https:\/\/sisinteriorsolutions.com\/es\/wp-json\/wp\/v2\/pages\/33","targetHints":{"allow":["GET"]}}],"collection":[{"href":"https:\/\/sisinteriorsolutions.com\/es\/wp-json\/wp\/v2\/pages"}],"about":[{"href":"https:\/\/sisinteriorsolutions.com\/es\/wp-json\/wp\/v2\/types\/page"}],"author":[{"embeddable":true,"href":"https:\/\/sisinteriorsolutions.com\/es\/wp-json\/wp\/v2\/users\/1"}],"replies":[{"embeddable":true,"href":"https:\/\/sisinteriorsolutions.com\/es\/wp-json\/wp\/v2\/comments?post=33"}],"version-history":[{"count":182,"href":"https:\/\/sisinteriorsolutions.com\/es\/wp-json\/wp\/v2\/pages\/33\/revisions"}],"predecessor-version":[{"id":786,"href":"https:\/\/sisinteriorsolutions.com\/es\/wp-json\/wp\/v2\/pages\/33\/revisions\/786"}],"wp:attachment":[{"href":"https:\/\/sisinteriorsolutions.com\/es\/wp-json\/wp\/v2\/media?parent=33"}],"curies":[{"name":"wp","href":"https:\/\/api.w.org\/{rel}","templated":true}]}}